{"id":16,"date":"2020-08-12T09:45:08","date_gmt":"2020-08-12T07:45:08","guid":{"rendered":"http:\/\/localhost\/sylvie\/wordpress\/?page_id=16"},"modified":"2024-12-06T15:01:49","modified_gmt":"2024-12-06T14:01:49","slug":"en-savoir-plus","status":"publish","type":"page","link":"https:\/\/sylvieclergue-shiatsu.com\/index.php\/en-savoir-plus\/","title":{"rendered":"En savoir plus"},"content":{"rendered":"\n<h3><\/h3>\n\n\n\n<p><\/p>\n\n\n\n<figure class=\"wp-block-image size-large\"><img loading=\"lazy\" width=\"1024\" height=\"576\" src=\"https:\/\/sylvieclergue-shiatsu.com\/wp-content\/uploads\/2020\/09\/IMG_3017-1024x576.jpg\" alt=\"\" class=\"wp-image-45\" srcset=\"https:\/\/sylvieclergue-shiatsu.com\/wp-content\/uploads\/2020\/09\/IMG_3017-1024x576.jpg 1024w, https:\/\/sylvieclergue-shiatsu.com\/wp-content\/uploads\/2020\/09\/IMG_3017-300x169.jpg 300w, https:\/\/sylvieclergue-shiatsu.com\/wp-content\/uploads\/2020\/09\/IMG_3017-768x432.jpg 768w, https:\/\/sylvieclergue-shiatsu.com\/wp-content\/uploads\/2020\/09\/IMG_3017-1536x864.jpg 1536w, https:\/\/sylvieclergue-shiatsu.com\/wp-content\/uploads\/2020\/09\/IMG_3017.jpg 1920w\" sizes=\"(max-width: 1024px) 100vw, 1024px\" \/><\/figure>\n\n\n\n<h3>D\u00e9ontologie<\/h3>\n\n\n\n<blockquote class=\"wp-block-quote\"><p>La pratique du Shiatsu est encadr\u00e9e par un code de d\u00e9ontologie du Sp\u00e9cialiste en Shiatsu<br>\u00ab&nbsp;Tout membre du Syndicat Professionnel de Shiatsu s\u2019engage par sa signature au respect du code de d\u00e9ontologie conforme \u00e0 l\u2019esprit du Shiatsu.<\/p><p><\/p><\/blockquote>\n\n\n\n<blockquote class=\"wp-block-quote\"><p>Il s\u2019engage sur l\u2019honneur tout au long de sa pratique&nbsp;:<br>\u2022 \u00c0 exercer son art dans le respect total de l\u2019int\u00e9grit\u00e9 physique et morale de chaque personne&nbsp;;<br>\u2022 \u00c0 respecter la plus stricte confidentialit\u00e9&nbsp;;<br>\u2022 \u00c0 toujours garantir les meilleures prestations, en maintenant ses comp\u00e9tences et la qualit\u00e9 de son travail au plus haut niveau, notamment en participant \u00e0 des cours post graduate, des stages et des formations compl\u00e9mentaires, des colloques, des congr\u00e8s ou des s\u00e9minaires au moins une fois par an.<br>\u2022 \u00c0 ne jamais oublier que le Shiatsu n\u2019est ni une pratique m\u00e9dicale au sens occidental du terme, ni un massage, ni une id\u00e9ologie mais une discipline \u00e9nerg\u00e9tique manuelle et holistique, un art du toucher s\u2019inscrivant prioritairement dans le domaine de la pr\u00e9vention.&nbsp;<\/p><\/blockquote>\n\n\n\n<blockquote class=\"wp-block-quote\"><p>Par cons\u00e9quent, tout Sp\u00e9cialiste en Shiatsu doit&nbsp;:&nbsp;<br>\u2022 S\u2019abstenir d\u2019\u00e9tablir un quelconque diagnostic&nbsp;;<br>\u2022 Se garder d\u2019interrompre ou de modifier un traitement m\u00e9dical&nbsp;;<br>\u2022 S\u2019interdire de proposer ou de conseiller des rem\u00e8des&nbsp;;<br>\u2022 Accepter les limites de ses comp\u00e9tences et au besoin diriger sans d\u00e9lai le receveur vers un m\u00e9decin.<\/p><\/blockquote>\n\n\n\n<blockquote class=\"wp-block-quote\"><p>Le non-respect de ce code de d\u00e9ontologie constituerait un motif de radiation de la profession et du Syndicat Professionnel de Shiatsu.<\/p><\/blockquote>\n\n\n\n<blockquote class=\"wp-block-quote\"><p>Il est \u00e9vident qu\u2019en cas de radiation, le contrevenant perdrait son titre de Sp\u00e9cialiste en Shiatsu et la citation ill\u00e9gitime de l\u2019appartenance au SPS ainsi que l\u2019utilisation de son sigle feraient l\u2019objet de poursuites judiciaires. \u00bb<\/p><\/blockquote>\n","protected":false},"excerpt":{"rendered":"<p>D\u00e9ontologie La pratique du Shiatsu est encadr\u00e9e par un code de d\u00e9ontologie du Sp\u00e9cialiste en Shiatsu\u00ab&nbsp;Tout membre du Syndicat Professionnel de Shiatsu s\u2019engage par sa signature au respect du code de d\u00e9ontologie conforme \u00e0 l\u2019esprit du Shiatsu. Il s\u2019engage sur l\u2019honneur tout au long de sa pratique&nbsp;:\u2022 \u00c0 exercer son art dans le respect total [&hellip;]<\/p>\n","protected":false},"author":2,"featured_media":0,"parent":0,"menu_order":0,"comment_status":"closed","ping_status":"closed","template":"page-more.php","meta":[],"_links":{"self":[{"href":"https:\/\/sylvieclergue-shiatsu.com\/index.php\/wp-json\/wp\/v2\/pages\/16"}],"collection":[{"href":"https:\/\/sylvieclergue-shiatsu.com\/index.php\/wp-json\/wp\/v2\/pages"}],"about":[{"href":"https:\/\/sylvieclergue-shiatsu.com\/index.php\/wp-json\/wp\/v2\/types\/page"}],"author":[{"embeddable":true,"href":"https:\/\/sylvieclergue-shiatsu.com\/index.php\/wp-json\/wp\/v2\/users\/2"}],"replies":[{"embeddable":true,"href":"https:\/\/sylvieclergue-shiatsu.com\/index.php\/wp-json\/wp\/v2\/comments?post=16"}],"version-history":[{"count":4,"href":"https:\/\/sylvieclergue-shiatsu.com\/index.php\/wp-json\/wp\/v2\/pages\/16\/revisions"}],"predecessor-version":[{"id":233,"href":"https:\/\/sylvieclergue-shiatsu.com\/index.php\/wp-json\/wp\/v2\/pages\/16\/revisions\/233"}],"wp:attachment":[{"href":"https:\/\/sylvieclergue-shiatsu.com\/index.php\/wp-json\/wp\/v2\/media?parent=16"}],"curies":[{"name":"wp","href":"https:\/\/api.w.org\/{rel}","templated":true}]}}