{"id":12,"date":"2020-08-12T09:43:19","date_gmt":"2020-08-12T07:43:19","guid":{"rendered":"http:\/\/localhost\/sylvie\/wordpress\/?page_id=12"},"modified":"2025-06-13T22:25:48","modified_gmt":"2025-06-13T20:25:48","slug":"a-propos","status":"publish","type":"page","link":"https:\/\/sylvieclergue-shiatsu.com\/index.php\/a-propos\/","title":{"rendered":"\u00c0 propos"},"content":{"rendered":"\n<h4>Le Shiatsu, un toucher qui accompagne et apaise.&nbsp;<\/h4>\n\n\n\n<p>Sp\u00e9cialiste en Shiatsu, dipl\u00f4m\u00e9e RNCP. J\u2019ai \u00e9tudi\u00e9 le Shiatsu \u00e0 l\u2019\u00c9cole Shiatsu Do. Je suis dipl\u00f4m\u00e9e en Taiji sant\u00e9\u00ae et animatrice Do in.\u00a0J\u2019ai pratiqu\u00e9 le Yoga puis le Taiji Quan et diff\u00e9rentes formes de Taiji avec b\u00e2ton long et sabre.<\/p>\n\n\n\n<p><\/p>\n\n\n\n<p>Je participe r\u00e9guli\u00e8rement \u00e0 des formations, notamment avec Suzanne Yates,: Les merveilleux vaisseaux (2020) Le cycle Shiatsu et maternit\u00e9 : Accouchement (2020), Post natal (2021), Cycles f\u00e9minins et la fertilit\u00e9 naturelle et assist\u00e9e (2021). En janvier 2024, sciatique, cruralgie, torticoli, lombalgie avec Guy Van Huyen. Je participe \u00e0 des s\u00e9minaires (Wataru Ohashi, Shigeru Onoda, \u00e0 des \u00e9v\u00e8nements ainsi qu&rsquo;\u00e0 des colloques : Shiatsu et troubles autistiques, Shiatsu et maladie d\u2019Alzheimer. <\/p>\n\n\n\n<p><\/p>\n\n\n\n<p>Je suis co-fondatrice du \u00ab\u00a0Collectif Shiatsu\u00a0\u00bb, cr\u00e9\u00e9 en juin 2023. <\/p>\n\n\n\n<p><\/p>\n\n\n\n<p>Dans le cadre de l\u2019\u00c9cole Shiatsu Do, j&rsquo;ai \u00e9t\u00e9 assistante de cours. <\/p>\n\n\n\n<p>Dans le cadre du SPS, j&rsquo;ai \u00e9t\u00e9 coordinatrice de la Commission Animation <\/p>\n\n\n\n<p><\/p>\n\n\n\n<p><\/p>\n\n\n\n<p><\/p>\n\n\n\n<p><\/p>\n\n\n\n<h2>Shiatsu en cabinet<\/h2>\n\n\n\n<p>Les s\u00e9ances sur tatami durent une heure. Le Shiatsu peut \u00eatre donn\u00e9 \u00e0 toute personne consentante quel que soit son \u00e2ge. <\/p>\n\n\n\n<p>Le Shiatsu favorise la d\u00e9tente musculaire, aide \u00e0 diminuer le stress, favorise la mobilit\u00e9 et la souplesse, participe au soulagement des douleurs chroniques et am\u00e9liore le sommeil dans la plupart des cas. <\/p>\n\n\n\n<p>Pour les personnes \u00e2g\u00e9es d\u00e9pendantes ou pas, les bienfaits du Shiatsu&nbsp;sont multiples, pour les personnes atteintes de troubles autistiques le Shiatsu apporte une r\u00e9gulation tonique g\u00e9n\u00e9rale et une forme d&rsquo;apaisement.<\/p>\n\n\n\n<h2>Shiatsu sur tatami \u00e0 l\u2019h\u00f4pital&nbsp;<\/h2>\n\n\n\n<p>Ces s\u00e9ances de Shiatsu sont destin\u00e9es aux parents d\u2019enfants hospitalis\u00e9.es \u00e0 l\u2019h\u00f4pital Necker-Enfants malades.  D\u00e8s la cr\u00e9ation de l&rsquo;Espace Bien-\u00catre en janvier 2019 et durant 5 ann\u00e9es, j&rsquo;ai pu y donner des s\u00e9ances d&rsquo;une heure, sur tatami, pour des parents dont les enfants \u00e9taient hospitalis\u00e9.es en longue dur\u00e9e dans les services de cardiologie, m\u00e9tabolisme, r\u00e9animation, n\u00e9onatalogie, chirurgie visc\u00e9rale, neurochirurgie&#8230;&nbsp;<\/p>\n\n\n\n<h2>Shiatsu sur chaise<\/h2>\n\n\n\n<p>Je me d\u00e9place pour donner des shiatsu sur chaise ergonomique en entreprise ou autres lieux recevant du public : Minist\u00e8re, IUT, Universit\u00e9, Associations <\/p>\n\n\n\n<p>\u00c0 domicile si l&rsquo;\u00e9tat de la personne le requiert. <\/p>\n\n\n\n<p><\/p>\n\n\n\n<h2>On ne peut pas recevoir un Shiatsu si on d\u00e9veloppe&nbsp;:<\/h2>\n\n\n\n<p>Une maladie inflammatoire aigu\u00eb ou bien imm\u00e9diatement apr\u00e8s une luxation ou une fracture.<br><br><br><br><br><br><br><br><\/p>\n\n\n\n<p class=\"has-normal-font-size\"><img loading=\"lazy\" width=\"1024\" height=\"354\" class=\"wp-image-47\" style=\"width: 300px;\" src=\"https:\/\/sylvieclergue-shiatsu.com\/wp-content\/uploads\/2020\/09\/LABEL_Shiatsu-Logo_Quadri_Cartouche-1-1024x354-1.png\" alt=\"\" srcset=\"https:\/\/sylvieclergue-shiatsu.com\/wp-content\/uploads\/2020\/09\/LABEL_Shiatsu-Logo_Quadri_Cartouche-1-1024x354-1.png 1024w, https:\/\/sylvieclergue-shiatsu.com\/wp-content\/uploads\/2020\/09\/LABEL_Shiatsu-Logo_Quadri_Cartouche-1-1024x354-1-300x104.png 300w, https:\/\/sylvieclergue-shiatsu.com\/wp-content\/uploads\/2020\/09\/LABEL_Shiatsu-Logo_Quadri_Cartouche-1-1024x354-1-768x266.png 768w\" sizes=\"(max-width: 1024px) 100vw, 1024px\" \/><\/p>\n\n\n\n<p><br>Syndicat Professionnel de Shiatsu<br><a href=\"https:\/\/www.syndicat-shiatsu.fr\/\">syndicat-shiatsu.fr<\/a><\/p>\n","protected":false},"excerpt":{"rendered":"<p>Le Shiatsu, un toucher qui accompagne et apaise.&nbsp; Sp\u00e9cialiste en Shiatsu, dipl\u00f4m\u00e9e RNCP. J\u2019ai \u00e9tudi\u00e9 le Shiatsu \u00e0 l\u2019\u00c9cole Shiatsu Do. Je suis dipl\u00f4m\u00e9e en Taiji sant\u00e9\u00ae et animatrice Do in.\u00a0J\u2019ai pratiqu\u00e9 le Yoga puis le Taiji Quan et diff\u00e9rentes formes de Taiji avec b\u00e2ton long et sabre. Je participe r\u00e9guli\u00e8rement \u00e0 des formations, notamment [&hellip;]<\/p>\n","protected":false},"author":2,"featured_media":0,"parent":0,"menu_order":0,"comment_status":"closed","ping_status":"closed","template":"page-about.php","meta":[],"_links":{"self":[{"href":"https:\/\/sylvieclergue-shiatsu.com\/index.php\/wp-json\/wp\/v2\/pages\/12"}],"collection":[{"href":"https:\/\/sylvieclergue-shiatsu.com\/index.php\/wp-json\/wp\/v2\/pages"}],"about":[{"href":"https:\/\/sylvieclergue-shiatsu.com\/index.php\/wp-json\/wp\/v2\/types\/page"}],"author":[{"embeddable":true,"href":"https:\/\/sylvieclergue-shiatsu.com\/index.php\/wp-json\/wp\/v2\/users\/2"}],"replies":[{"embeddable":true,"href":"https:\/\/sylvieclergue-shiatsu.com\/index.php\/wp-json\/wp\/v2\/comments?post=12"}],"version-history":[{"count":24,"href":"https:\/\/sylvieclergue-shiatsu.com\/index.php\/wp-json\/wp\/v2\/pages\/12\/revisions"}],"predecessor-version":[{"id":247,"href":"https:\/\/sylvieclergue-shiatsu.com\/index.php\/wp-json\/wp\/v2\/pages\/12\/revisions\/247"}],"wp:attachment":[{"href":"https:\/\/sylvieclergue-shiatsu.com\/index.php\/wp-json\/wp\/v2\/media?parent=12"}],"curies":[{"name":"wp","href":"https:\/\/api.w.org\/{rel}","templated":true}]}}