{"id":11,"date":"2020-08-11T15:02:04","date_gmt":"2020-08-11T13:02:04","guid":{"rendered":"http:\/\/localhost\/sylvie\/wordpress\/?page_id=7"},"modified":"2024-02-12T18:40:37","modified_gmt":"2024-02-12T17:40:37","slug":"index","status":"publish","type":"page","link":"https:\/\/sylvieclergue-shiatsu.com\/","title":{"rendered":"Accueil"},"content":{"rendered":"\n<h3>Bienvenue&nbsp;sur mon site !&nbsp;<\/h3>\n\n\n\n<p>Le Shiatsu est une pratique d\u2019origine japonaise&nbsp;visant \u00e0 pr\u00e9server ou \u00e0 am\u00e9liorer sa sant\u00e9. Mais recevoir un Shiatsu c\u2019est \u00e9galement l\u2019occasion de b\u00e9n\u00e9ficier d\u2019un bienfait sur le plan corporel et \u00e9motionnel.<\/p>\n\n\n\n<p>Outre la sensation de bien-\u00eatre qui est ressentie apr\u00e8s un Shiatsu, le Shiatsu r\u00e9gularise et harmonise les diff\u00e9rentes fonctions du corps et permet de se sentir d\u00e9tendu.e et \u00e9galement revitalis\u00e9.e, recentr\u00e9.e.&nbsp;<\/p>\n\n\n\n<p>Le Shiatsu se re\u00e7oit habill\u00e9.e, allong\u00e9.e sur un tatami. Une s\u00e9ance de Shiatsu est un moment de confiance partag\u00e9 entre le receveur et le donneur, entre vous et moi.\u00a0<\/p>\n\n\n\n<p>Selon un protocole d\u00e9fini, \u00e0 l\u2019origine, par Tokujiro Namikoshi (1905-2000), le donneur exerce avec ses pouces des pressions sur l\u2019ensemble du corps. Chaque pression est dos\u00e9e en fonction de l\u2019\u00e9coute et du ressenti du donneur et de l&rsquo;\u00e9tat de la receveuse ou du receveur. C\u2019est cette \u00e9coute et cette attention port\u00e9es tout au long de la s\u00e9ance qui permettra \u00e0 la receveuse ou au receveur de ressentir les bienfaits, l\u2019efficacit\u00e9 et la justesse du Shiatsu.&nbsp;&nbsp;<\/p>\n\n\n\n<p>C\u2019est \u00e0 travers ce toucher structurant et r\u00e9confortant que la pratique du Shiatsu permet le rel\u00e2chement des tensions musculaires, lutte contre les troubles musculo squelettiques, procure une d\u00e9tente qui aide \u00e0 combattre le stress et la fatigue et am\u00e9liore le sommeil. La pratique du Shiatsu permet de stimuler le syst\u00e8me immunitaire et les ressources naturelles de l\u2019organisme. Et c\u2019est en activant le syst\u00e8me nerveux parasympathique, que la pratique du Shiatsu apportera une relaxation profonde. <\/p>\n\n\n\n<p>Le Shiatsu est un m\u00e9lange subtil d&rsquo;effets \u00e9nerg\u00e9tiques et d&rsquo;effets physiologiques qui en font la singularit\u00e9 et l&rsquo;extr\u00eame efficacit\u00e9.<\/p>\n\n\n\n<h2 class=\"has-text-color\" style=\"color:#98951e\">La pratique du Shiatsu est adapt\u00e9e \u00e0 tous les \u00e2ges.<\/h2>\n\n\n\n<p><\/p>\n\n\n\n<p>En France, le Shiatsu est reconnu officiellement par l\u2019\u00c9tat fran\u00e7ais\u00a0et le\u00a0Minist\u00e8re du Travail (J.O. du 25\/07\/2015)\u00a0comme profession, et le\u00a0Syndicat des Professionnels du\u00a0Shiatsu (SPS)\u00a0a permis de\u00a0d\u00e9livrer un\u00a0titre \u00e0 vie, inscrit au Registre National des Certifications Professionnelles\u00a0de \u00ab\u00a0Sp\u00e9cialiste en Shiatsu\u00a0\u00bb\u00a0reconnu par l\u2019\u00c9tat jusqu&rsquo;en Juillet 2020.\u00a0<\/p>\n\n\n\n<p>En Europe, le Shiatsu est une des huit approches compl\u00e9mentaires cit\u00e9es dans la r\u00e9solution A4-0075\/97 du Parlement europ\u00e9en, vot\u00e9e le 29 mai 1997, en tant que \u00a0\u00bb\u00a0technique non conventionnelle digne d&rsquo;int\u00e9r\u00eat\u00a0\u00ab\u00a0<\/p>\n\n\n\n<p>Selon l\u2019Organisation Mondiale de la Sant\u00e9, le Shiatsu entre dans la cat\u00e9gorie des m\u00e9decines traditionnelles.<\/p>\n\n\n\n<p><\/p>\n\n\n\n<p><\/p>\n\n\n\n<p class=\"has-text-color\" style=\"color:#98951e\"><strong>Le Shiatsu ne peut en aucune mani\u00e8re se substituer \u00e0 un traitement m\u00e9dical.<\/strong><\/p>\n","protected":false},"excerpt":{"rendered":"<p>Bienvenue&nbsp;sur mon site !&nbsp; Le Shiatsu est une pratique d\u2019origine japonaise&nbsp;visant \u00e0 pr\u00e9server ou \u00e0 am\u00e9liorer sa sant\u00e9. Mais recevoir un Shiatsu c\u2019est \u00e9galement l\u2019occasion de b\u00e9n\u00e9ficier d\u2019un bienfait sur le plan corporel et \u00e9motionnel. Outre la sensation de bien-\u00eatre qui est ressentie apr\u00e8s un Shiatsu, le Shiatsu r\u00e9gularise et harmonise les diff\u00e9rentes fonctions du [&hellip;]<\/p>\n","protected":false},"author":2,"featured_media":0,"parent":0,"menu_order":0,"comment_status":"closed","ping_status":"closed","template":"","meta":[],"_links":{"self":[{"href":"https:\/\/sylvieclergue-shiatsu.com\/index.php\/wp-json\/wp\/v2\/pages\/11"}],"collection":[{"href":"https:\/\/sylvieclergue-shiatsu.com\/index.php\/wp-json\/wp\/v2\/pages"}],"about":[{"href":"https:\/\/sylvieclergue-shiatsu.com\/index.php\/wp-json\/wp\/v2\/types\/page"}],"author":[{"embeddable":true,"href":"https:\/\/sylvieclergue-shiatsu.com\/index.php\/wp-json\/wp\/v2\/users\/2"}],"replies":[{"embeddable":true,"href":"https:\/\/sylvieclergue-shiatsu.com\/index.php\/wp-json\/wp\/v2\/comments?post=11"}],"version-history":[{"count":11,"href":"https:\/\/sylvieclergue-shiatsu.com\/index.php\/wp-json\/wp\/v2\/pages\/11\/revisions"}],"predecessor-version":[{"id":209,"href":"https:\/\/sylvieclergue-shiatsu.com\/index.php\/wp-json\/wp\/v2\/pages\/11\/revisions\/209"}],"wp:attachment":[{"href":"https:\/\/sylvieclergue-shiatsu.com\/index.php\/wp-json\/wp\/v2\/media?parent=11"}],"curies":[{"name":"wp","href":"https:\/\/api.w.org\/{rel}","templated":true}]}}